{"id":16,"date":"2025-03-06T11:05:04","date_gmt":"2025-03-06T14:05:04","guid":{"rendered":"https:\/\/www.festivalplanaltoserra.com.br\/?page_id=16"},"modified":"2025-06-17T10:38:48","modified_gmt":"2025-06-17T13:38:48","slug":"etapa-2","status":"publish","type":"page","link":"https:\/\/www.festivalplanaltoserra.com.br\/?page_id=16","title":{"rendered":"Etapa 2"},"content":{"rendered":"\n<p><strong><u>PROGRAMA\u00c7\u00c3O DA 2\u00aa ETAPA DO FESTIVAL DE ARTE E CULTURA PLANALTO SERRA<\/u><\/strong><\/p>\n\n\n\n<p>(atualizado em 17\/06\/2025 \u00e0s 10:38hs)<\/p>\n\n\n\n<p><strong>DATA: 21 de junho de 2025<\/strong><\/p>\n\n\n\n<p><strong><u>PALCO 1<\/u><\/strong> \u2013 Pra\u00e7a Jo\u00e3o Costa \u2013 Dan\u00e7as Tradicionais Ga\u00fachas<br><strong>10:00 h \u2013 <\/strong>Dan\u00e7as Tradicionais Categorias: Mirim e Juvenil<br><strong>12:00 h \u2013<\/strong> Almo\u00e7o<br><strong>14:00 h \u2013 <\/strong>Retorno Dan\u00e7as Tradicionais Categorias: Mirim e Juvenil<br><strong>15:00h &#8211; <\/strong>Chula: Veterano, Vaqueano, Xir\u00fa, Adulto e Trio<\/p>\n\n\n\n<p><\/p>\n\n\n\n<p><strong><u>PALCO 2 <\/u>\u2013 <\/strong>Palco Ra\u00edzes (em frente ao Teatro Marajoara)<br><strong>9:00 h \u2013 <\/strong>Instrumental: Veterano(a), Xir\u00fa e Adulto(a)<br><strong>Logo ap\u00f3s \u2013 <\/strong>Solista Vocal &#8211; Veterano(a), Xir\u00fa e Adulto(a)<br><strong>12:00 h \u2013 <\/strong>Almo\u00e7o<\/p>\n\n\n\n<p><\/p>\n\n\n\n<p><strong><u>PALCO 3<\/u> \u2013 <\/strong>Casar\u00e3o Juca Antunes<br><strong>9h \u2013 <\/strong>Declama\u00e7\u00e3o: Categorias Prenda Veterana, Xir\u00fa e Adulta na sequ\u00eancia Pe\u00f5es Veterano, Xir\u00fa e Adulto<br><strong>12h \u2013 <\/strong>Almo\u00e7o<br><strong>13h30min \u2013 <\/strong>Continua\u00e7\u00e3o da Declama\u00e7\u00e3o<\/p>\n\n\n\n<p><\/p>\n\n\n\n<p><strong>DATA: 22 de junho de 2025<\/strong><\/p>\n\n\n\n<p><strong><u>PALCO 1<\/u><\/strong> \u2013 Pra\u00e7a Jo\u00e3o Costa \u2013 Dan\u00e7as Tradicionais Ga\u00fachas<br><strong>9:30 h \u2013 <\/strong>Dan\u00e7as Tradicionais Categorias: Veterana, Xiru e Adulta<br><strong>12:00 h \u2013<\/strong> Almo\u00e7o<br><strong>13:30 h \u2013 <\/strong>Retorno Dan\u00e7as Tradicionais Categorias: Veterana, Xiru e Adulta<\/p>\n\n\n\n<p><\/p>\n\n\n\n<p><strong><u>PALCO 2 <\/u>\u2013 <\/strong>Palco Ra\u00edzes (em frente ao Teatro Marajoara)<br><strong>9:00 h \u2013 <\/strong>Instrumental: Mirim, Juvenil<br><strong>Logo ap\u00f3s \u2013 <\/strong>Solista Vocal \u2013 Pr\u00e9-Mirim, Mirim e Juvenil<br><strong>12:00 h \u2013 <\/strong>Almo\u00e7o<br><strong>13h30min \u2013<\/strong> Chula: Pr\u00e9-Mirim, Mirim e Juvenil<\/p>\n\n\n\n<p><\/p>\n\n\n\n<p><strong><u>PALCO 3 <\/u>\u2013 <\/strong>Casar\u00e3o Juca Antunes<br><strong>9h \u2013 <\/strong>Declama\u00e7\u00e3o: Categorias Prenda Pr\u00e9-Mirim, Mirim e Juvenil e na sequ\u00eancia Pe\u00f5es Pr\u00e9-Mirim, Mirim e Juvenil<br><strong>12h \u2013 <\/strong>Almo\u00e7o<br><strong>13h30min \u2013 <\/strong>Retorno Declama\u00e7\u00e3o: Categorias Prenda Pr\u00e9-Mirim, Mirim e Juvenil e na sequ\u00eancia Pe\u00f5es Pr\u00e9-Mirim, Mirim e Juvenil.<\/p>\n\n\n\n<p><\/p>\n\n\n\n<p><strong>IMPORTANTE:<\/strong> A log\u00edstica de palco poder\u00e1 sofrer altera\u00e7\u00e3o em decorr\u00eancia da quantidade de inscritos.<\/p>\n","protected":false},"excerpt":{"rendered":"<p>PROGRAMA\u00c7\u00c3O DA 2\u00aa ETAPA DO FESTIVAL DE ARTE E CULTURA PLANALTO SERRA (atualizado em 17\/06\/2025 \u00e0s 10:38hs) DATA: 21 de junho de 2025 PALCO 1 \u2013 Pra\u00e7a Jo\u00e3o Costa \u2013 Dan\u00e7as Tradicionais Ga\u00fachas10:00 h \u2013 Dan\u00e7as Tradicionais Categorias: Mirim e Juvenil12:00 h \u2013 Almo\u00e7o14:00 h \u2013 Retorno Dan\u00e7as Tradicionais Categorias: Mirim e Juvenil15:00h &#8211; Chula: &hellip; <a href=\"https:\/\/www.festivalplanaltoserra.com.br\/?page_id=16\" class=\"more-link\">Continue lendo <span class=\"screen-reader-text\">Etapa 2<\/span> <span class=\"meta-nav\">&rarr;<\/span><\/a><\/p>\n","protected":false},"author":1,"featured_media":0,"parent":0,"menu_order":0,"comment_status":"closed","ping_status":"closed","template":"","meta":{"footnotes":""},"class_list":["post-16","page","type-page","status-publish","hentry"],"_links":{"self":[{"href":"https:\/\/www.festivalplanaltoserra.com.br\/index.php?rest_route=\/wp\/v2\/pages\/16","targetHints":{"allow":["GET"]}}],"collection":[{"href":"https:\/\/www.festivalplanaltoserra.com.br\/index.php?rest_route=\/wp\/v2\/pages"}],"about":[{"href":"https:\/\/www.festivalplanaltoserra.com.br\/index.php?rest_route=\/wp\/v2\/types\/page"}],"author":[{"embeddable":true,"href":"https:\/\/www.festivalplanaltoserra.com.br\/index.php?rest_route=\/wp\/v2\/users\/1"}],"replies":[{"embeddable":true,"href":"https:\/\/www.festivalplanaltoserra.com.br\/index.php?rest_route=%2Fwp%2Fv2%2Fcomments&post=16"}],"version-history":[{"count":8,"href":"https:\/\/www.festivalplanaltoserra.com.br\/index.php?rest_route=\/wp\/v2\/pages\/16\/revisions"}],"predecessor-version":[{"id":73,"href":"https:\/\/www.festivalplanaltoserra.com.br\/index.php?rest_route=\/wp\/v2\/pages\/16\/revisions\/73"}],"wp:attachment":[{"href":"https:\/\/www.festivalplanaltoserra.com.br\/index.php?rest_route=%2Fwp%2Fv2%2Fmedia&parent=16"}],"curies":[{"name":"wp","href":"https:\/\/api.w.org\/{rel}","templated":true}]}}