{"id":28,"date":"2025-03-13T14:57:59","date_gmt":"2025-03-13T17:57:59","guid":{"rendered":"https:\/\/www.festivalplanaltoserra.com.br\/?page_id=28"},"modified":"2025-04-07T16:25:07","modified_gmt":"2025-04-07T19:25:07","slug":"geral","status":"publish","type":"page","link":"https:\/\/www.festivalplanaltoserra.com.br\/?page_id=28","title":{"rendered":"Geral"},"content":{"rendered":"\n<p><a href=\"https:\/\/www.festivalplanaltoserra.com.br\/2025\/Geral\/Geral%20-%20Individuais.HTM\">Resultados Acumulados \u2013 Individuais e Birivas<\/a><br><a href=\"https:\/\/www.festivalplanaltoserra.com.br\/2025\/Geral\/Geral%20-%20Entidades.HTM\">Resultados Acumulados \u2013 Dan\u00e7as e Conjunto Vocal<\/a><br><a href=\"https:\/\/www.festivalplanaltoserra.com.br\/2025\/Geral\/Campe%e3o%20Geral.HTM\">Campe\u00e3o Geral<\/a><\/p>\n\n\n\n<p><a href=\"https:\/\/www.festivalplanaltoserra.com.br\/2025\/Geral\/Dan%e7as%20Apresentadas.HTM\">Dan\u00e7as Apresentadas\u00a0<\/a><br><a href=\"https:\/\/www.festivalplanaltoserra.com.br\/2025\/Geral\/Poesias%20Declamadas.HTM\">Poesias Declamadas<\/a><br>M\u00fasicas Interpretadas \u2013 Solista Vocal<br>M\u00fasicas Executadas \u2013 Instrumentais<\/p>\n","protected":false},"excerpt":{"rendered":"<p>Resultados Acumulados \u2013 Individuais e BirivasResultados Acumulados \u2013 Dan\u00e7as e Conjunto VocalCampe\u00e3o Geral Dan\u00e7as Apresentadas\u00a0Poesias DeclamadasM\u00fasicas Interpretadas \u2013 Solista VocalM\u00fasicas Executadas \u2013 Instrumentais<\/p>\n","protected":false},"author":1,"featured_media":0,"parent":0,"menu_order":0,"comment_status":"closed","ping_status":"closed","template":"","meta":{"footnotes":""},"class_list":["post-28","page","type-page","status-publish","hentry"],"_links":{"self":[{"href":"https:\/\/www.festivalplanaltoserra.com.br\/index.php?rest_route=\/wp\/v2\/pages\/28","targetHints":{"allow":["GET"]}}],"collection":[{"href":"https:\/\/www.festivalplanaltoserra.com.br\/index.php?rest_route=\/wp\/v2\/pages"}],"about":[{"href":"https:\/\/www.festivalplanaltoserra.com.br\/index.php?rest_route=\/wp\/v2\/types\/page"}],"author":[{"embeddable":true,"href":"https:\/\/www.festivalplanaltoserra.com.br\/index.php?rest_route=\/wp\/v2\/users\/1"}],"replies":[{"embeddable":true,"href":"https:\/\/www.festivalplanaltoserra.com.br\/index.php?rest_route=%2Fwp%2Fv2%2Fcomments&post=28"}],"version-history":[{"count":3,"href":"https:\/\/www.festivalplanaltoserra.com.br\/index.php?rest_route=\/wp\/v2\/pages\/28\/revisions"}],"predecessor-version":[{"id":58,"href":"https:\/\/www.festivalplanaltoserra.com.br\/index.php?rest_route=\/wp\/v2\/pages\/28\/revisions\/58"}],"wp:attachment":[{"href":"https:\/\/www.festivalplanaltoserra.com.br\/index.php?rest_route=%2Fwp%2Fv2%2Fmedia&parent=28"}],"curies":[{"name":"wp","href":"https:\/\/api.w.org\/{rel}","templated":true}]}}